{"id":81,"date":"2024-09-19T11:51:21","date_gmt":"2024-09-19T09:51:21","guid":{"rendered":"https:\/\/cvip.fr\/?page_id=81"},"modified":"2024-12-21T12:06:46","modified_gmt":"2024-12-21T11:06:46","slug":"simuler-votre-investissement","status":"publish","type":"page","link":"https:\/\/cvip.fr\/index.php\/simuler-votre-investissement\/","title":{"rendered":"Simuler votre investissement"},"content":{"rendered":"\t\t<div data-elementor-type=\"wp-page\" data-elementor-id=\"81\" class=\"elementor elementor-81\">\n\t\t\t\t<div class=\"elementor-element elementor-element-5602466 e-con-full e-flex e-con e-parent\" data-id=\"5602466\" data-element_type=\"container\" data-settings=\"{&quot;background_background&quot;:&quot;classic&quot;}\">\n\t\t<div class=\"elementor-element elementor-element-f01c46a e-con-full e-flex e-con e-child\" data-id=\"f01c46a\" data-element_type=\"container\">\n\t\t\t\t<div class=\"elementor-element elementor-element-f39dd6a elementor-widget elementor-widget-heading\" data-id=\"f39dd6a\" data-element_type=\"widget\" data-widget_type=\"heading.default\">\n\t\t\t\t<div class=\"elementor-widget-container\">\n\t\t\t<style>\/*! elementor - v3.21.0 - 30-04-2024 *\/\n.elementor-heading-title{padding:0;margin:0;line-height:1}.elementor-widget-heading .elementor-heading-title[class*=elementor-size-]>a{color:inherit;font-size:inherit;line-height:inherit}.elementor-widget-heading .elementor-heading-title.elementor-size-small{font-size:15px}.elementor-widget-heading .elementor-heading-title.elementor-size-medium{font-size:19px}.elementor-widget-heading .elementor-heading-title.elementor-size-large{font-size:29px}.elementor-widget-heading .elementor-heading-title.elementor-size-xl{font-size:39px}.elementor-widget-heading .elementor-heading-title.elementor-size-xxl{font-size:59px}<\/style><h3 class=\"elementor-heading-title elementor-size-default\">Simulez mes investissements<\/h3>\t\t<\/div>\n\t\t\t\t<\/div>\n\t\t\t\t<div class=\"elementor-element elementor-element-ba94017 elementor-widget elementor-widget-text-editor\" data-id=\"ba94017\" data-element_type=\"widget\" data-widget_type=\"text-editor.default\">\n\t\t\t\t<div class=\"elementor-widget-container\">\n\t\t\t<style>\/*! elementor - v3.21.0 - 30-04-2024 *\/\n.elementor-widget-text-editor.elementor-drop-cap-view-stacked .elementor-drop-cap{background-color:#69727d;color:#fff}.elementor-widget-text-editor.elementor-drop-cap-view-framed .elementor-drop-cap{color:#69727d;border:3px solid;background-color:transparent}.elementor-widget-text-editor:not(.elementor-drop-cap-view-default) .elementor-drop-cap{margin-top:8px}.elementor-widget-text-editor:not(.elementor-drop-cap-view-default) .elementor-drop-cap-letter{width:1em;height:1em}.elementor-widget-text-editor .elementor-drop-cap{float:left;text-align:center;line-height:1;font-size:50px}.elementor-widget-text-editor .elementor-drop-cap-letter{display:inline-block}<\/style>\t\t\t\t<p>Nous proposons un acc\u00e8s particulier pour acc\u00e9der \u00e0 des simulateurs<\/p>\t\t\t\t\t\t<\/div>\n\t\t\t\t<\/div>\n\t\t\t\t<\/div>\n\t\t\t\t<div class=\"elementor-element elementor-element-672f7a5 elementor-widget__width-initial elementor-widget-tablet__width-inherit elementor-widget elementor-widget-image\" data-id=\"672f7a5\" data-element_type=\"widget\" data-widget_type=\"image.default\">\n\t\t\t\t<div class=\"elementor-widget-container\">\n\t\t\t<style>\/*! elementor - v3.21.0 - 30-04-2024 *\/\n.elementor-widget-image{text-align:center}.elementor-widget-image a{display:inline-block}.elementor-widget-image a img[src$=\".svg\"]{width:48px}.elementor-widget-image img{vertical-align:middle;display:inline-block}<\/style>\t\t\t\t\t\t\t\t\t\t<img fetchpriority=\"high\" decoding=\"async\" width=\"585\" height=\"578\" src=\"https:\/\/cvip.fr\/wp-content\/uploads\/2024\/09\/Logo-CVIP-ours-fond-transp.png\" class=\"attachment-large size-large wp-image-69\" alt=\"\" srcset=\"https:\/\/cvip.fr\/wp-content\/uploads\/2024\/09\/Logo-CVIP-ours-fond-transp.png 585w, https:\/\/cvip.fr\/wp-content\/uploads\/2024\/09\/Logo-CVIP-ours-fond-transp-300x296.png 300w\" sizes=\"(max-width: 585px) 100vw, 585px\" \/>\t\t\t\t\t\t\t\t\t\t\t\t\t<\/div>\n\t\t\t\t<\/div>\n\t\t\t\t<\/div>\n\t\t<div class=\"elementor-element elementor-element-1c9c70c e-con-full e-flex e-con e-parent\" data-id=\"1c9c70c\" data-element_type=\"container\" data-settings=\"{&quot;background_background&quot;:&quot;classic&quot;}\">\n\t\t<div class=\"elementor-element elementor-element-3dac0ee e-con-full e-flex e-con e-child\" data-id=\"3dac0ee\" data-element_type=\"container\">\n\t\t\t\t<div class=\"elementor-element elementor-element-5a78daf elementor-widget elementor-widget-heading\" data-id=\"5a78daf\" data-element_type=\"widget\" data-widget_type=\"heading.default\">\n\t\t\t\t<div class=\"elementor-widget-container\">\n\t\t\t<h3 class=\"elementor-heading-title elementor-size-default\">Imp\u00f4ts sur le revenu<\/h3>\t\t<\/div>\n\t\t\t\t<\/div>\n\t\t\t\t<div class=\"elementor-element elementor-element-fced453 elementor-widget elementor-widget-text-editor\" data-id=\"fced453\" data-element_type=\"widget\" data-widget_type=\"text-editor.default\">\n\t\t\t\t<div class=\"elementor-widget-container\">\n\t\t\t\t\t\t\t<p>Un engagement fondamental pour votre s\u00e9curit\u00e9 financi\u00e8re<\/p>\t\t\t\t\t\t<\/div>\n\t\t\t\t<\/div>\n\t\t\t\t<\/div>\n\t\t<div class=\"elementor-element elementor-element-44a51fc e-con-full e-flex e-con e-child\" data-id=\"44a51fc\" data-element_type=\"container\">\n\t\t\t\t<div class=\"elementor-element elementor-element-170a255 elementor-widget elementor-widget-heading\" data-id=\"170a255\" data-element_type=\"widget\" data-widget_type=\"heading.default\">\n\t\t\t\t<div class=\"elementor-widget-container\">\n\t\t\t<h3 class=\"elementor-heading-title elementor-size-default\">Pr\u00e9voyance\u200b<\/h3>\t\t<\/div>\n\t\t\t\t<\/div>\n\t\t\t\t<div class=\"elementor-element elementor-element-c3b8b52 elementor-widget elementor-widget-text-editor\" data-id=\"c3b8b52\" data-element_type=\"widget\" data-widget_type=\"text-editor.default\">\n\t\t\t\t<div class=\"elementor-widget-container\">\n\t\t\t\t\t\t\t<p>Une clart\u00e9 essentielle pour une gestion en toute confiance<\/p>\t\t\t\t\t\t<\/div>\n\t\t\t\t<\/div>\n\t\t\t\t<\/div>\n\t\t<div class=\"elementor-element elementor-element-92b72c8 e-con-full e-flex e-con e-child\" data-id=\"92b72c8\" data-element_type=\"container\">\n\t\t\t\t<div class=\"elementor-element elementor-element-8d8b67b elementor-widget elementor-widget-heading\" data-id=\"8d8b67b\" data-element_type=\"widget\" data-widget_type=\"heading.default\">\n\t\t\t\t<div class=\"elementor-widget-container\">\n\t\t\t<h3 class=\"elementor-heading-title elementor-size-default\">Retraite<\/h3>\t\t<\/div>\n\t\t\t\t<\/div>\n\t\t\t\t<div class=\"elementor-element elementor-element-3e6bca4 elementor-widget elementor-widget-text-editor\" data-id=\"3e6bca4\" data-element_type=\"widget\" data-widget_type=\"text-editor.default\">\n\t\t\t\t<div class=\"elementor-widget-container\">\n\t\t\t\t\t\t\t<p>Des solutions sur-mesure pour vos besoins \u00e9volutifs<\/p>\t\t\t\t\t\t<\/div>\n\t\t\t\t<\/div>\n\t\t\t\t<\/div>\n\t\t\t\t<\/div>\n\t\t<div class=\"elementor-element elementor-element-c6c9508 e-con-full e-flex e-con e-parent\" data-id=\"c6c9508\" data-element_type=\"container\" data-settings=\"{&quot;background_background&quot;:&quot;classic&quot;}\">\n\t\t<div class=\"elementor-element elementor-element-17cb73e e-con-full e-flex e-con e-child\" data-id=\"17cb73e\" data-element_type=\"container\">\n\t\t\t\t<div class=\"elementor-element elementor-element-11e2ab8 elementor-widget elementor-widget-heading\" data-id=\"11e2ab8\" data-element_type=\"widget\" data-widget_type=\"heading.default\">\n\t\t\t\t<div class=\"elementor-widget-container\">\n\t\t\t<h3 class=\"elementor-heading-title elementor-size-default\">Sucession<\/h3>\t\t<\/div>\n\t\t\t\t<\/div>\n\t\t\t\t<div class=\"elementor-element elementor-element-6271c2c elementor-widget elementor-widget-text-editor\" data-id=\"6271c2c\" data-element_type=\"widget\" data-widget_type=\"text-editor.default\">\n\t\t\t\t<div class=\"elementor-widget-container\">\n\t\t\t\t\t\t\t<p>Un engagement fondamental pour votre s\u00e9curit\u00e9 financi\u00e8re<\/p>\t\t\t\t\t\t<\/div>\n\t\t\t\t<\/div>\n\t\t\t\t<\/div>\n\t\t\t\t<\/div>\n\t\t\t\t<\/div>\n\t\t","protected":false},"excerpt":{"rendered":"<p>Simulez mes investissements Nous proposons un acc\u00e8s particulier pour acc\u00e9der \u00e0 des simulateurs Imp\u00f4ts sur le revenu Un engagement fondamental [&hellip;]<\/p>\n","protected":false},"author":1,"featured_media":0,"parent":0,"menu_order":0,"comment_status":"closed","ping_status":"closed","template":"","meta":{"site-sidebar-layout":"no-sidebar","site-content-layout":"","ast-site-content-layout":"full-width-container","site-content-style":"default","site-sidebar-style":"default","ast-global-header-display":"","ast-banner-title-visibility":"","ast-main-header-display":"","ast-hfb-above-header-display":"","ast-hfb-below-header-display":"","ast-hfb-mobile-header-display":"","site-post-title":"disabled","ast-breadcrumbs-content":"","ast-featured-img":"disabled","footer-sml-layout":"","theme-transparent-header-meta":"","adv-header-id-meta":"","stick-header-meta":"","header-above-stick-meta":"","header-main-stick-meta":"","header-below-stick-meta":"","astra-migrate-meta-layouts":"default","ast-page-background-enabled":"default","ast-page-background-meta":{"desktop":{"background-color":"var(--ast-global-color-4)","background-image":"","background-repeat":"repeat","background-position":"center center","background-size":"auto","background-attachment":"scroll","background-type":"","background-media":"","overlay-type":"","overlay-color":"","overlay-opacity":"","overlay-gradient":""},"tablet":{"background-color":"","background-image":"","background-repeat":"repeat","background-position":"center center","background-size":"auto","background-attachment":"scroll","background-type":"","background-media":"","overlay-type":"","overlay-color":"","overlay-opacity":"","overlay-gradient":""},"mobile":{"background-color":"","background-image":"","background-repeat":"repeat","background-position":"center center","background-size":"auto","background-attachment":"scroll","background-type":"","background-media":"","overlay-type":"","overlay-color":"","overlay-opacity":"","overlay-gradient":""}},"ast-content-background-meta":{"desktop":{"background-color":"var(--ast-global-color-5)","background-image":"","background-repeat":"repeat","background-position":"center center","background-size":"auto","background-attachment":"scroll","background-type":"","background-media":"","overlay-type":"","overlay-color":"","overlay-opacity":"","overlay-gradient":""},"tablet":{"background-color":"var(--ast-global-color-5)","background-image":"","background-repeat":"repeat","background-position":"center center","background-size":"auto","background-attachment":"scroll","background-type":"","background-media":"","overlay-type":"","overlay-color":"","overlay-opacity":"","overlay-gradient":""},"mobile":{"background-color":"var(--ast-global-color-5)","background-image":"","background-repeat":"repeat","background-position":"center center","background-size":"auto","background-attachment":"scroll","background-type":"","background-media":"","overlay-type":"","overlay-color":"","overlay-opacity":"","overlay-gradient":""}},"footnotes":""},"class_list":["post-81","page","type-page","status-publish","hentry"],"yoast_head":"<!-- This site is optimized with the Yoast SEO plugin v24.1 - https:\/\/yoast.com\/wordpress\/plugins\/seo\/ -->\n<title>Simuler votre investissement - CViP<\/title>\n<meta name=\"robots\" content=\"index, follow, max-snippet:-1, max-image-preview:large, max-video-preview:-1\" \/>\n<link rel=\"canonical\" href=\"https:\/\/cvip.fr\/index.php\/simuler-votre-investissement\/\" \/>\n<meta property=\"og:locale\" content=\"fr_FR\" \/>\n<meta property=\"og:type\" content=\"article\" \/>\n<meta property=\"og:title\" content=\"Simuler votre investissement - CViP\" \/>\n<meta property=\"og:description\" content=\"Simulez mes investissements Nous proposons un acc\u00e8s particulier pour acc\u00e9der \u00e0 des simulateurs Imp\u00f4ts sur le revenu Un engagement fondamental [&hellip;]\" \/>\n<meta property=\"og:url\" content=\"https:\/\/cvip.fr\/index.php\/simuler-votre-investissement\/\" \/>\n<meta property=\"og:site_name\" content=\"CViP\" \/>\n<meta property=\"article:modified_time\" content=\"2024-12-21T11:06:46+00:00\" \/>\n<meta property=\"og:image\" content=\"http:\/\/cvip.fr\/wp-content\/uploads\/2024\/09\/Logo-CVIP-ours-fond-transp.png\" \/>\n<meta name=\"twitter:card\" content=\"summary_large_image\" \/>\n<script type=\"application\/ld+json\" class=\"yoast-schema-graph\">{\"@context\":\"https:\/\/schema.org\",\"@graph\":[{\"@type\":\"WebPage\",\"@id\":\"https:\/\/cvip.fr\/index.php\/simuler-votre-investissement\/\",\"url\":\"https:\/\/cvip.fr\/index.php\/simuler-votre-investissement\/\",\"name\":\"Simuler votre investissement - CViP\",\"isPartOf\":{\"@id\":\"https:\/\/cvip.fr\/#website\"},\"primaryImageOfPage\":{\"@id\":\"https:\/\/cvip.fr\/index.php\/simuler-votre-investissement\/#primaryimage\"},\"image\":{\"@id\":\"https:\/\/cvip.fr\/index.php\/simuler-votre-investissement\/#primaryimage\"},\"thumbnailUrl\":\"http:\/\/cvip.fr\/wp-content\/uploads\/2024\/09\/Logo-CVIP-ours-fond-transp.png\",\"datePublished\":\"2024-09-19T09:51:21+00:00\",\"dateModified\":\"2024-12-21T11:06:46+00:00\",\"breadcrumb\":{\"@id\":\"https:\/\/cvip.fr\/index.php\/simuler-votre-investissement\/#breadcrumb\"},\"inLanguage\":\"fr-FR\",\"potentialAction\":[{\"@type\":\"ReadAction\",\"target\":[\"https:\/\/cvip.fr\/index.php\/simuler-votre-investissement\/\"]}]},{\"@type\":\"ImageObject\",\"inLanguage\":\"fr-FR\",\"@id\":\"https:\/\/cvip.fr\/index.php\/simuler-votre-investissement\/#primaryimage\",\"url\":\"https:\/\/cvip.fr\/wp-content\/uploads\/2024\/09\/Logo-CVIP-ours-fond-transp.png\",\"contentUrl\":\"https:\/\/cvip.fr\/wp-content\/uploads\/2024\/09\/Logo-CVIP-ours-fond-transp.png\",\"width\":585,\"height\":578,\"caption\":\"Logo CVIP\"},{\"@type\":\"BreadcrumbList\",\"@id\":\"https:\/\/cvip.fr\/index.php\/simuler-votre-investissement\/#breadcrumb\",\"itemListElement\":[{\"@type\":\"ListItem\",\"position\":1,\"name\":\"Accueil\",\"item\":\"https:\/\/cvip.fr\/\"},{\"@type\":\"ListItem\",\"position\":2,\"name\":\"Simuler votre investissement\"}]},{\"@type\":\"WebSite\",\"@id\":\"https:\/\/cvip.fr\/#website\",\"url\":\"https:\/\/cvip.fr\/\",\"name\":\"CViP\",\"description\":\"\",\"publisher\":{\"@id\":\"https:\/\/cvip.fr\/#organization\"},\"potentialAction\":[{\"@type\":\"SearchAction\",\"target\":{\"@type\":\"EntryPoint\",\"urlTemplate\":\"https:\/\/cvip.fr\/?s={search_term_string}\"},\"query-input\":{\"@type\":\"PropertyValueSpecification\",\"valueRequired\":true,\"valueName\":\"search_term_string\"}}],\"inLanguage\":\"fr-FR\"},{\"@type\":\"Organization\",\"@id\":\"https:\/\/cvip.fr\/#organization\",\"name\":\"CViP\",\"url\":\"https:\/\/cvip.fr\/\",\"logo\":{\"@type\":\"ImageObject\",\"inLanguage\":\"fr-FR\",\"@id\":\"https:\/\/cvip.fr\/#\/schema\/logo\/image\/\",\"url\":\"https:\/\/cvip.fr\/wp-content\/uploads\/2024\/10\/cropped-Logo-CVIP-fond-transparent.png\",\"contentUrl\":\"https:\/\/cvip.fr\/wp-content\/uploads\/2024\/10\/cropped-Logo-CVIP-fond-transparent.png\",\"width\":707,\"height\":235,\"caption\":\"CViP\"},\"image\":{\"@id\":\"https:\/\/cvip.fr\/#\/schema\/logo\/image\/\"}}]}<\/script>\n<!-- \/ Yoast SEO plugin. -->","yoast_head_json":{"title":"Simuler votre investissement - CViP","robots":{"index":"index","follow":"follow","max-snippet":"max-snippet:-1","max-image-preview":"max-image-preview:large","max-video-preview":"max-video-preview:-1"},"canonical":"https:\/\/cvip.fr\/index.php\/simuler-votre-investissement\/","og_locale":"fr_FR","og_type":"article","og_title":"Simuler votre investissement - CViP","og_description":"Simulez mes investissements Nous proposons un acc\u00e8s particulier pour acc\u00e9der \u00e0 des simulateurs Imp\u00f4ts sur le revenu Un engagement fondamental [&hellip;]","og_url":"https:\/\/cvip.fr\/index.php\/simuler-votre-investissement\/","og_site_name":"CViP","article_modified_time":"2024-12-21T11:06:46+00:00","og_image":[{"url":"http:\/\/cvip.fr\/wp-content\/uploads\/2024\/09\/Logo-CVIP-ours-fond-transp.png","type":"","width":"","height":""}],"twitter_card":"summary_large_image","schema":{"@context":"https:\/\/schema.org","@graph":[{"@type":"WebPage","@id":"https:\/\/cvip.fr\/index.php\/simuler-votre-investissement\/","url":"https:\/\/cvip.fr\/index.php\/simuler-votre-investissement\/","name":"Simuler votre investissement - CViP","isPartOf":{"@id":"https:\/\/cvip.fr\/#website"},"primaryImageOfPage":{"@id":"https:\/\/cvip.fr\/index.php\/simuler-votre-investissement\/#primaryimage"},"image":{"@id":"https:\/\/cvip.fr\/index.php\/simuler-votre-investissement\/#primaryimage"},"thumbnailUrl":"http:\/\/cvip.fr\/wp-content\/uploads\/2024\/09\/Logo-CVIP-ours-fond-transp.png","datePublished":"2024-09-19T09:51:21+00:00","dateModified":"2024-12-21T11:06:46+00:00","breadcrumb":{"@id":"https:\/\/cvip.fr\/index.php\/simuler-votre-investissement\/#breadcrumb"},"inLanguage":"fr-FR","potentialAction":[{"@type":"ReadAction","target":["https:\/\/cvip.fr\/index.php\/simuler-votre-investissement\/"]}]},{"@type":"ImageObject","inLanguage":"fr-FR","@id":"https:\/\/cvip.fr\/index.php\/simuler-votre-investissement\/#primaryimage","url":"https:\/\/cvip.fr\/wp-content\/uploads\/2024\/09\/Logo-CVIP-ours-fond-transp.png","contentUrl":"https:\/\/cvip.fr\/wp-content\/uploads\/2024\/09\/Logo-CVIP-ours-fond-transp.png","width":585,"height":578,"caption":"Logo CVIP"},{"@type":"BreadcrumbList","@id":"https:\/\/cvip.fr\/index.php\/simuler-votre-investissement\/#breadcrumb","itemListElement":[{"@type":"ListItem","position":1,"name":"Accueil","item":"https:\/\/cvip.fr\/"},{"@type":"ListItem","position":2,"name":"Simuler votre investissement"}]},{"@type":"WebSite","@id":"https:\/\/cvip.fr\/#website","url":"https:\/\/cvip.fr\/","name":"CViP","description":"","publisher":{"@id":"https:\/\/cvip.fr\/#organization"},"potentialAction":[{"@type":"SearchAction","target":{"@type":"EntryPoint","urlTemplate":"https:\/\/cvip.fr\/?s={search_term_string}"},"query-input":{"@type":"PropertyValueSpecification","valueRequired":true,"valueName":"search_term_string"}}],"inLanguage":"fr-FR"},{"@type":"Organization","@id":"https:\/\/cvip.fr\/#organization","name":"CViP","url":"https:\/\/cvip.fr\/","logo":{"@type":"ImageObject","inLanguage":"fr-FR","@id":"https:\/\/cvip.fr\/#\/schema\/logo\/image\/","url":"https:\/\/cvip.fr\/wp-content\/uploads\/2024\/10\/cropped-Logo-CVIP-fond-transparent.png","contentUrl":"https:\/\/cvip.fr\/wp-content\/uploads\/2024\/10\/cropped-Logo-CVIP-fond-transparent.png","width":707,"height":235,"caption":"CViP"},"image":{"@id":"https:\/\/cvip.fr\/#\/schema\/logo\/image\/"}}]}},"_links":{"self":[{"href":"https:\/\/cvip.fr\/index.php\/wp-json\/wp\/v2\/pages\/81","targetHints":{"allow":["GET"]}}],"collection":[{"href":"https:\/\/cvip.fr\/index.php\/wp-json\/wp\/v2\/pages"}],"about":[{"href":"https:\/\/cvip.fr\/index.php\/wp-json\/wp\/v2\/types\/page"}],"author":[{"embeddable":true,"href":"https:\/\/cvip.fr\/index.php\/wp-json\/wp\/v2\/users\/1"}],"replies":[{"embeddable":true,"href":"https:\/\/cvip.fr\/index.php\/wp-json\/wp\/v2\/comments?post=81"}],"version-history":[{"count":7,"href":"https:\/\/cvip.fr\/index.php\/wp-json\/wp\/v2\/pages\/81\/revisions"}],"predecessor-version":[{"id":505,"href":"https:\/\/cvip.fr\/index.php\/wp-json\/wp\/v2\/pages\/81\/revisions\/505"}],"wp:attachment":[{"href":"https:\/\/cvip.fr\/index.php\/wp-json\/wp\/v2\/media?parent=81"}],"curies":[{"name":"wp","href":"https:\/\/api.w.org\/{rel}","templated":true}]}}