{"id":506,"date":"2024-12-21T12:25:38","date_gmt":"2024-12-21T11:25:38","guid":{"rendered":"https:\/\/cvip.fr\/?page_id=506"},"modified":"2024-12-21T12:54:13","modified_gmt":"2024-12-21T11:54:13","slug":"mentions-legales","status":"publish","type":"page","link":"https:\/\/cvip.fr\/index.php\/mentions-legales\/","title":{"rendered":"Mentions l\u00e9gales"},"content":{"rendered":"\t\t<div data-elementor-type=\"wp-page\" data-elementor-id=\"506\" class=\"elementor elementor-506\">\n\t\t\t\t<div class=\"elementor-element elementor-element-468c06e e-con-full e-flex e-con e-parent\" data-id=\"468c06e\" data-element_type=\"container\" data-settings=\"{&quot;background_background&quot;:&quot;classic&quot;}\">\n\t\t\t\t<div class=\"elementor-element elementor-element-c855af6 elementor-widget elementor-widget-image\" data-id=\"c855af6\" data-element_type=\"widget\" data-widget_type=\"image.default\">\n\t\t\t\t<div class=\"elementor-widget-container\">\n\t\t\t<style>\/*! elementor - v3.21.0 - 30-04-2024 *\/\n.elementor-widget-image{text-align:center}.elementor-widget-image a{display:inline-block}.elementor-widget-image a img[src$=\".svg\"]{width:48px}.elementor-widget-image img{vertical-align:middle;display:inline-block}<\/style>\t\t\t\t\t\t\t\t\t\t<img fetchpriority=\"high\" decoding=\"async\" width=\"585\" height=\"578\" src=\"https:\/\/cvip.fr\/wp-content\/uploads\/2024\/09\/Logo-CVIP-ours-fond-transp.png\" class=\"attachment-full size-full wp-image-69\" alt=\"\" srcset=\"https:\/\/cvip.fr\/wp-content\/uploads\/2024\/09\/Logo-CVIP-ours-fond-transp.png 585w, https:\/\/cvip.fr\/wp-content\/uploads\/2024\/09\/Logo-CVIP-ours-fond-transp-300x296.png 300w\" sizes=\"(max-width: 585px) 100vw, 585px\" \/>\t\t\t\t\t\t\t\t\t\t\t\t\t<\/div>\n\t\t\t\t<\/div>\n\t\t<div class=\"elementor-element elementor-element-7de0ede e-con-full e-flex e-con e-child\" data-id=\"7de0ede\" data-element_type=\"container\">\n\t\t\t\t<div class=\"elementor-element elementor-element-5dbbc3d elementor-widget elementor-widget-heading\" data-id=\"5dbbc3d\" data-element_type=\"widget\" data-widget_type=\"heading.default\">\n\t\t\t\t<div class=\"elementor-widget-container\">\n\t\t\t<style>\/*! elementor - v3.21.0 - 30-04-2024 *\/\n.elementor-heading-title{padding:0;margin:0;line-height:1}.elementor-widget-heading .elementor-heading-title[class*=elementor-size-]>a{color:inherit;font-size:inherit;line-height:inherit}.elementor-widget-heading .elementor-heading-title.elementor-size-small{font-size:15px}.elementor-widget-heading .elementor-heading-title.elementor-size-medium{font-size:19px}.elementor-widget-heading .elementor-heading-title.elementor-size-large{font-size:29px}.elementor-widget-heading .elementor-heading-title.elementor-size-xl{font-size:39px}.elementor-widget-heading .elementor-heading-title.elementor-size-xxl{font-size:59px}<\/style><h1 class=\"elementor-heading-title elementor-size-default\">Mentions l\u00e9gales<\/h1>\t\t<\/div>\n\t\t\t\t<\/div>\n\t\t\t\t<div class=\"elementor-element elementor-element-db589df elementor-widget elementor-widget-text-editor\" data-id=\"db589df\" data-element_type=\"widget\" data-widget_type=\"text-editor.default\">\n\t\t\t\t<div class=\"elementor-widget-container\">\n\t\t\t<style>\/*! elementor - v3.21.0 - 30-04-2024 *\/\n.elementor-widget-text-editor.elementor-drop-cap-view-stacked .elementor-drop-cap{background-color:#69727d;color:#fff}.elementor-widget-text-editor.elementor-drop-cap-view-framed .elementor-drop-cap{color:#69727d;border:3px solid;background-color:transparent}.elementor-widget-text-editor:not(.elementor-drop-cap-view-default) .elementor-drop-cap{margin-top:8px}.elementor-widget-text-editor:not(.elementor-drop-cap-view-default) .elementor-drop-cap-letter{width:1em;height:1em}.elementor-widget-text-editor .elementor-drop-cap{float:left;text-align:center;line-height:1;font-size:50px}.elementor-widget-text-editor .elementor-drop-cap-letter{display:inline-block}<\/style>\t\t\t\t<p>SASU CVIP &#8211; 8 place Salengro 31 000 Toulouse <br \/>Contact t\u00e9l\u00e9phone\u00a0: 06 89 62 85 37<br \/>Contact mail\u00a0: cv@cvip.fr<\/p><p>SAS Unipersonnelle au capital de 1 000 \u20ac &#8211; RCS de Toulouse sous le N\u00b0 930 223 409 00010 \u00a0\u2013 Code APE\/NAF : 7022Z (Conseil pour les affaires et autres conseils de gestion) \u2013<br \/>N\u00b0 de TVA intracommunautaire : FR27930223409 \u2013<\/p><p>Conseiller en investissement financier et courtier d\u2019assurance &#8211; Membre de La Compagnie des CGP \u2013 CIF sous le num\u00e9ro F000449 agr\u00e9\u00e9e par l\u2019AMF &#8211; Inscrit \u00e0 L\u2019ORIAS n\u00b0 24005859 &#8211; Transactions sur immeubles et fonds de commerce &#8211; Carte professionnelle N\u00b0CPI31012024000000059 d\u00e9livr\u00e9e par la CCI de Toulouse \u2013 Responsabilit\u00e9 Civile Professionnelle et Garanties Financi\u00e8res assur\u00e9es par la compagnie MMA IARD (160 rue Henri Champion &#8211; 72030 Le Mans Cedex 9) N\u00b0 RCPGP 113516430\/031661 &#8211; Ne peut recevoir aucun effet, fonds ou valeur.<\/p><p>Hebergement : OVH SAS &#8211; <b>2, rue Kellermann, 59100 Roubaix<\/b>.<br \/>Droit d\u2019auteur : Le contenu de ce site, y compris les textes, images, graphiques, logos, ic\u00f4nes, vid\u00e9os, ainsi que leur agencement, sont la propri\u00e9t\u00e9 exclusive de CViP, sauf mention contraire. Toute reproduction, repr\u00e9sentation, modification, publication, transmission, ou distribution, en tout ou partie, de ces \u00e9l\u00e9ments est interdite sans l\u2019autorisation pr\u00e9alable et \u00e9crite de CViP.<br \/>Les logos, marques et noms de produits ou services mentionn\u00e9s sur ce site peuvent \u00eatre des marques d\u00e9pos\u00e9es par leurs propri\u00e9taires respectifs.<\/p>\t\t\t\t\t\t<\/div>\n\t\t\t\t<\/div>\n\t\t\t\t<\/div>\n\t\t\t\t<\/div>\n\t\t<div class=\"elementor-element elementor-element-eca14c1 e-con-full e-flex e-con e-child\" data-id=\"eca14c1\" data-element_type=\"container\">\n\t\t\t\t<div class=\"elementor-element elementor-element-1268abc elementor-widget elementor-widget-heading\" data-id=\"1268abc\" data-element_type=\"widget\" data-widget_type=\"heading.default\">\n\t\t\t\t<div class=\"elementor-widget-container\">\n\t\t\t<h1 class=\"elementor-heading-title elementor-size-default\">Politique de confidentialit\u00e9<\/h1>\t\t<\/div>\n\t\t\t\t<\/div>\n\t\t\t\t<div class=\"elementor-element elementor-element-f1db241 elementor-widget elementor-widget-text-editor\" data-id=\"f1db241\" data-element_type=\"widget\" data-widget_type=\"text-editor.default\">\n\t\t\t\t<div class=\"elementor-widget-container\">\n\t\t\t\t\t\t\t<p><strong>Politique de Confidentialit\u00e9<\/strong><br \/>Derni\u00e8re mise \u00e0 jour : 21.12.2024<\/p><p><strong>Introduction<\/strong><\/p><p>La protection de votre vie priv\u00e9e est une priorit\u00e9 pour CViP, une soci\u00e9t\u00e9 sp\u00e9cialis\u00e9e dans la gestion de patrimoine. Nous nous engageons \u00e0 respecter la confidentialit\u00e9 de vos informations personnelles et \u00e0 les prot\u00e9ger dans le cadre de nos services. Cette politique de confidentialit\u00e9 explique comment nous collectons, utilisons, stockons et prot\u00e9geons vos donn\u00e9es personnelles.<\/p><p><strong>1. Responsable du traitement des donn\u00e9es<\/strong><\/p><p>Le responsable du traitement des donn\u00e9es personnelles est : CViP<br \/>Adresse : 8 place Salengo 31000 Toulouse<br \/>Num\u00e9ro de t\u00e9l\u00e9phone : +33 6 89 62 85 37<br \/>Email : cv@cvip.fr<br \/>Site web : www.cvip.com<\/p><p><strong>2. Types de donn\u00e9es collect\u00e9es<\/strong><\/p><p>Dans le cadre de nos services, nous collectons les types de donn\u00e9es suivantes :<\/p><ul><li><strong>Informations personnelles<\/strong> : nom, pr\u00e9nom, adresse, date de naissance, \u00e9tat civil, nationalit\u00e9, situation professionnelle.<\/li><li><strong>Informations financi\u00e8res<\/strong> : revenus, patrimoine, investissements, dettes, historiques bancaires et fiscaux.<\/li><li><strong>Coordonn\u00e9es de contact<\/strong> : num\u00e9ro de t\u00e9l\u00e9phone, adresse email.<\/li><li><strong>Donn\u00e9es relatives \u00e0 la gestion de patrimoine<\/strong> : strat\u00e9gies d\u2019investissement, profil de risque, objectifs financiers.<\/li><\/ul><p>Nous recueillons ces donn\u00e9es par le biais de formulaires, d&rsquo;entretiens, de contacts directs, ou via l\u2019utilisation de nos services en ligne.<\/p><p><strong>3. Finalit\u00e9s de la collecte des donn\u00e9es<\/strong><\/p><p>Les donn\u00e9es personnelles que nous collectons sont utilis\u00e9es pour les finalit\u00e9s suivantes :<\/p><ul><li>Fournir nos services de gestion de patrimoine personnalis\u00e9s.<\/li><li>Analyser vos besoins financiers et vous proposer des solutions adapt\u00e9es.<\/li><li>Assurer le suivi de vos investissements et de vos projets patrimoniaux.<\/li><li>R\u00e9aliser des \u00e9tudes et des analyses financi\u00e8res pour optimiser la gestion de vos actifs.<\/li><li>Respecter nos obligations l\u00e9gales et r\u00e9glementaires, notamment en mati\u00e8re de lutte contre le blanchiment d&rsquo;argent et le financement du terrorisme.<\/li><li>Vous contacter pour vous informer sur nos services ou sur des \u00e9volutions li\u00e9es \u00e0 la gestion de votre patrimoine.<\/li><\/ul><p><strong>4. Base juridique du traitement<\/strong><\/p><p>Les donn\u00e9es personnelles sont trait\u00e9es sur la base des principes suivants :<\/p><ul><li><strong>Ex\u00e9cution d\u2019un contrat<\/strong> : la collecte et le traitement des donn\u00e9es sont n\u00e9cessaires pour la fourniture de nos services.<\/li><li><strong>Consentement<\/strong> : dans certains cas, nous demandons votre consentement explicite pour traiter certaines donn\u00e9es (par exemple pour l\u2019envoi de communications marketing).<\/li><li><strong>Obligations l\u00e9gales<\/strong> : pour respecter nos obligations fiscales, comptables et l\u00e9gales.<\/li><\/ul><p><strong>5. Partage des donn\u00e9es<\/strong><\/p><p>Nous ne partageons vos donn\u00e9es personnelles qu&rsquo;avec des parties prenantes dans les conditions suivantes :<\/p><ul><li><strong>Sous-traitants et partenaires<\/strong> : nous pouvons partager vos informations avec nos partenaires ou prestataires de services (banques, assureurs, conseillers fiscaux) dans le cadre de l&rsquo;ex\u00e9cution des services que nous vous fournissons.<\/li><li><strong>Obligations l\u00e9gales<\/strong> : nous pouvons \u00eatre amen\u00e9s \u00e0 communiquer vos donn\u00e9es \u00e0 des autorit\u00e9s comp\u00e9tentes (administrations fiscales, justice, r\u00e9gulateurs) si la loi l&rsquo;exige.<\/li><\/ul><p>Nous nous assurons que toutes les parties qui ont acc\u00e8s \u00e0 vos donn\u00e9es respectent un niveau de s\u00e9curit\u00e9 ad\u00e9quat.<\/p><p><strong>6. Conservation des donn\u00e9es<\/strong><\/p><p>Vos donn\u00e9es personnelles sont conserv\u00e9es pendant la dur\u00e9e n\u00e9cessaire \u00e0 la fourniture de nos services et pour r\u00e9pondre \u00e0 nos obligations l\u00e9gales et r\u00e9glementaires. En g\u00e9n\u00e9ral, les donn\u00e9es seront conserv\u00e9es pendant une p\u00e9riode de [X ann\u00e9es], apr\u00e8s quoi elles seront supprim\u00e9es ou anonymis\u00e9es, sauf si une p\u00e9riode de conservation plus longue est requise par la loi.<\/p><p><strong>7. S\u00e9curit\u00e9 des donn\u00e9es<\/strong><\/p><p>Nous mettons en \u0153uvre des mesures techniques et organisationnelles appropri\u00e9es pour prot\u00e9ger vos donn\u00e9es personnelles contre la perte, l&rsquo;acc\u00e8s non autoris\u00e9, la divulgation ou la modification. Cela inclut des mesures de chiffrement, des contr\u00f4les d\u2019acc\u00e8s stricts et des audits r\u00e9guliers de s\u00e9curit\u00e9.<\/p><p><strong>8. Vos droits concernant vos donn\u00e9es personnelles<\/strong><\/p><p>Conform\u00e9ment au R\u00e8glement G\u00e9n\u00e9ral sur la Protection des Donn\u00e9es (RGPD), vous disposez des droits suivants sur vos donn\u00e9es personnelles :<\/p><ul><li><strong>Droit d\u2019acc\u00e8s<\/strong> : vous avez le droit de demander l&rsquo;acc\u00e8s aux informations personnelles que nous d\u00e9tenons \u00e0 votre sujet.<\/li><li><strong>Droit de rectification<\/strong> : vous pouvez demander la correction de donn\u00e9es inexactes ou incompl\u00e8tes.<\/li><li><strong>Droit \u00e0 l\u2019effacement<\/strong> : vous pouvez demander la suppression de vos donn\u00e9es dans certaines conditions.<\/li><li><strong>Droit d\u2019opposition<\/strong> : vous avez le droit de vous opposer au traitement de vos donn\u00e9es pour des motifs l\u00e9gitimes.<\/li><li><strong>Droit \u00e0 la limitation du traitement<\/strong> : vous pouvez demander la limitation du traitement de vos donn\u00e9es dans certains cas.<\/li><li><strong>Droit \u00e0 la portabilit\u00e9<\/strong> : vous pouvez demander \u00e0 recevoir vos donn\u00e9es dans un format structur\u00e9, couramment utilis\u00e9, et lisible par machine.<\/li><\/ul><p>Pour exercer vos droits, veuillez nous contacter \u00e0 l&rsquo;adresse suivante : cv@cvip.fr.<\/p><p><strong>9. Cookies et technologies similaires<\/strong><\/p><p>Lors de votre visite sur notre site, des cookies peuvent \u00eatre utilis\u00e9s pour am\u00e9liorer votre exp\u00e9rience. Un cookie est un petit fichier qui est stock\u00e9 sur votre appareil et qui nous permet de reconna\u00eetre votre navigateur et de collecter certaines informations.<\/p><p>Vous pouvez configurer votre navigateur pour refuser les cookies ou pour vous avertir lorsqu&rsquo;un cookie est envoy\u00e9, mais cela peut limiter certaines fonctionnalit\u00e9s de notre site.<\/p><p><strong>10. Modifications de la politique de confidentialit\u00e9<\/strong><\/p><p>Nous nous r\u00e9servons le droit de modifier cette politique de confidentialit\u00e9 \u00e0 tout moment. Toute modification sera publi\u00e9e sur cette page avec la date de la derni\u00e8re mise \u00e0 jour. Nous vous conseillons de consulter r\u00e9guli\u00e8rement cette politique pour rester inform\u00e9 de nos pratiques.<\/p><p><strong>11. Contact<\/strong><\/p><p>Si vous avez des questions concernant cette politique de confidentialit\u00e9 ou le traitement de vos donn\u00e9es personnelles, vous pouvez nous contacter \u00e0 l&rsquo;adresse suivante :<\/p><p>CViP<br \/>8 rue Salengo, 31000 Toulouse<br \/>T\u00e9l\u00e9phone : +33 6 89 62 85 37<br \/>Email : cv@cvip.fr<\/p>\t\t\t\t\t\t<\/div>\n\t\t\t\t<\/div>\n\t\t\t\t<\/div>\n\t\t\t\t<\/div>\n\t\t","protected":false},"excerpt":{"rendered":"<p>Mentions l\u00e9gales SASU CVIP &#8211; 8 place Salengro 31 000 Toulouse Contact t\u00e9l\u00e9phone\u00a0: 06 89 62 85 37Contact mail\u00a0: cv@cvip.fr [&hellip;]<\/p>\n","protected":false},"author":1,"featured_media":0,"parent":0,"menu_order":0,"comment_status":"closed","ping_status":"closed","template":"","meta":{"site-sidebar-layout":"no-sidebar","site-content-layout":"","ast-site-content-layout":"full-width-container","site-content-style":"default","site-sidebar-style":"default","ast-global-header-display":"","ast-banner-title-visibility":"","ast-main-header-display":"","ast-hfb-above-header-display":"","ast-hfb-below-header-display":"","ast-hfb-mobile-header-display":"","site-post-title":"disabled","ast-breadcrumbs-content":"","ast-featured-img":"disabled","footer-sml-layout":"","theme-transparent-header-meta":"","adv-header-id-meta":"","stick-header-meta":"","header-above-stick-meta":"","header-main-stick-meta":"","header-below-stick-meta":"","astra-migrate-meta-layouts":"default","ast-page-background-enabled":"default","ast-page-background-meta":{"desktop":{"background-color":"var(--ast-global-color-4)","background-image":"","background-repeat":"repeat","background-position":"center center","background-size":"auto","background-attachment":"scroll","background-type":"","background-media":"","overlay-type":"","overlay-color":"","overlay-opacity":"","overlay-gradient":""},"tablet":{"background-color":"","background-image":"","background-repeat":"repeat","background-position":"center center","background-size":"auto","background-attachment":"scroll","background-type":"","background-media":"","overlay-type":"","overlay-color":"","overlay-opacity":"","overlay-gradient":""},"mobile":{"background-color":"","background-image":"","background-repeat":"repeat","background-position":"center center","background-size":"auto","background-attachment":"scroll","background-type":"","background-media":"","overlay-type":"","overlay-color":"","overlay-opacity":"","overlay-gradient":""}},"ast-content-background-meta":{"desktop":{"background-color":"var(--ast-global-color-5)","background-image":"","background-repeat":"repeat","background-position":"center center","background-size":"auto","background-attachment":"scroll","background-type":"","background-media":"","overlay-type":"","overlay-color":"","overlay-opacity":"","overlay-gradient":""},"tablet":{"background-color":"var(--ast-global-color-5)","background-image":"","background-repeat":"repeat","background-position":"center center","background-size":"auto","background-attachment":"scroll","background-type":"","background-media":"","overlay-type":"","overlay-color":"","overlay-opacity":"","overlay-gradient":""},"mobile":{"background-color":"var(--ast-global-color-5)","background-image":"","background-repeat":"repeat","background-position":"center center","background-size":"auto","background-attachment":"scroll","background-type":"","background-media":"","overlay-type":"","overlay-color":"","overlay-opacity":"","overlay-gradient":""}},"footnotes":""},"class_list":["post-506","page","type-page","status-publish","hentry"],"yoast_head":"<!-- This site is optimized with the Yoast SEO plugin v24.1 - https:\/\/yoast.com\/wordpress\/plugins\/seo\/ -->\n<title>Mentions l\u00e9gales - CViP<\/title>\n<meta name=\"robots\" content=\"index, follow, max-snippet:-1, max-image-preview:large, max-video-preview:-1\" \/>\n<link rel=\"canonical\" href=\"https:\/\/cvip.fr\/index.php\/mentions-legales\/\" \/>\n<meta property=\"og:locale\" content=\"fr_FR\" \/>\n<meta property=\"og:type\" content=\"article\" \/>\n<meta property=\"og:title\" content=\"Mentions l\u00e9gales - CViP\" \/>\n<meta property=\"og:description\" content=\"Mentions l\u00e9gales SASU CVIP &#8211; 8 place Salengro 31 000 Toulouse Contact t\u00e9l\u00e9phone\u00a0: 06 89 62 85 37Contact mail\u00a0: cv@cvip.fr [&hellip;]\" \/>\n<meta property=\"og:url\" content=\"https:\/\/cvip.fr\/index.php\/mentions-legales\/\" \/>\n<meta property=\"og:site_name\" content=\"CViP\" \/>\n<meta property=\"article:modified_time\" content=\"2024-12-21T11:54:13+00:00\" \/>\n<meta property=\"og:image\" content=\"http:\/\/cvip.fr\/wp-content\/uploads\/2024\/09\/Logo-CVIP-ours-fond-transp.png\" \/>\n<meta name=\"twitter:card\" content=\"summary_large_image\" \/>\n<meta name=\"twitter:label1\" content=\"Dur\u00e9e de lecture estim\u00e9e\" \/>\n\t<meta name=\"twitter:data1\" content=\"6 minutes\" \/>\n<script type=\"application\/ld+json\" class=\"yoast-schema-graph\">{\"@context\":\"https:\/\/schema.org\",\"@graph\":[{\"@type\":\"WebPage\",\"@id\":\"https:\/\/cvip.fr\/index.php\/mentions-legales\/\",\"url\":\"https:\/\/cvip.fr\/index.php\/mentions-legales\/\",\"name\":\"Mentions l\u00e9gales - CViP\",\"isPartOf\":{\"@id\":\"https:\/\/cvip.fr\/#website\"},\"primaryImageOfPage\":{\"@id\":\"https:\/\/cvip.fr\/index.php\/mentions-legales\/#primaryimage\"},\"image\":{\"@id\":\"https:\/\/cvip.fr\/index.php\/mentions-legales\/#primaryimage\"},\"thumbnailUrl\":\"http:\/\/cvip.fr\/wp-content\/uploads\/2024\/09\/Logo-CVIP-ours-fond-transp.png\",\"datePublished\":\"2024-12-21T11:25:38+00:00\",\"dateModified\":\"2024-12-21T11:54:13+00:00\",\"breadcrumb\":{\"@id\":\"https:\/\/cvip.fr\/index.php\/mentions-legales\/#breadcrumb\"},\"inLanguage\":\"fr-FR\",\"potentialAction\":[{\"@type\":\"ReadAction\",\"target\":[\"https:\/\/cvip.fr\/index.php\/mentions-legales\/\"]}]},{\"@type\":\"ImageObject\",\"inLanguage\":\"fr-FR\",\"@id\":\"https:\/\/cvip.fr\/index.php\/mentions-legales\/#primaryimage\",\"url\":\"https:\/\/cvip.fr\/wp-content\/uploads\/2024\/09\/Logo-CVIP-ours-fond-transp.png\",\"contentUrl\":\"https:\/\/cvip.fr\/wp-content\/uploads\/2024\/09\/Logo-CVIP-ours-fond-transp.png\",\"width\":585,\"height\":578,\"caption\":\"Logo CVIP\"},{\"@type\":\"BreadcrumbList\",\"@id\":\"https:\/\/cvip.fr\/index.php\/mentions-legales\/#breadcrumb\",\"itemListElement\":[{\"@type\":\"ListItem\",\"position\":1,\"name\":\"Accueil\",\"item\":\"https:\/\/cvip.fr\/\"},{\"@type\":\"ListItem\",\"position\":2,\"name\":\"Mentions l\u00e9gales\"}]},{\"@type\":\"WebSite\",\"@id\":\"https:\/\/cvip.fr\/#website\",\"url\":\"https:\/\/cvip.fr\/\",\"name\":\"CViP\",\"description\":\"\",\"publisher\":{\"@id\":\"https:\/\/cvip.fr\/#organization\"},\"potentialAction\":[{\"@type\":\"SearchAction\",\"target\":{\"@type\":\"EntryPoint\",\"urlTemplate\":\"https:\/\/cvip.fr\/?s={search_term_string}\"},\"query-input\":{\"@type\":\"PropertyValueSpecification\",\"valueRequired\":true,\"valueName\":\"search_term_string\"}}],\"inLanguage\":\"fr-FR\"},{\"@type\":\"Organization\",\"@id\":\"https:\/\/cvip.fr\/#organization\",\"name\":\"CViP\",\"url\":\"https:\/\/cvip.fr\/\",\"logo\":{\"@type\":\"ImageObject\",\"inLanguage\":\"fr-FR\",\"@id\":\"https:\/\/cvip.fr\/#\/schema\/logo\/image\/\",\"url\":\"https:\/\/cvip.fr\/wp-content\/uploads\/2024\/10\/cropped-Logo-CVIP-fond-transparent.png\",\"contentUrl\":\"https:\/\/cvip.fr\/wp-content\/uploads\/2024\/10\/cropped-Logo-CVIP-fond-transparent.png\",\"width\":707,\"height\":235,\"caption\":\"CViP\"},\"image\":{\"@id\":\"https:\/\/cvip.fr\/#\/schema\/logo\/image\/\"}}]}<\/script>\n<!-- \/ Yoast SEO plugin. -->","yoast_head_json":{"title":"Mentions l\u00e9gales - CViP","robots":{"index":"index","follow":"follow","max-snippet":"max-snippet:-1","max-image-preview":"max-image-preview:large","max-video-preview":"max-video-preview:-1"},"canonical":"https:\/\/cvip.fr\/index.php\/mentions-legales\/","og_locale":"fr_FR","og_type":"article","og_title":"Mentions l\u00e9gales - CViP","og_description":"Mentions l\u00e9gales SASU CVIP &#8211; 8 place Salengro 31 000 Toulouse Contact t\u00e9l\u00e9phone\u00a0: 06 89 62 85 37Contact mail\u00a0: cv@cvip.fr [&hellip;]","og_url":"https:\/\/cvip.fr\/index.php\/mentions-legales\/","og_site_name":"CViP","article_modified_time":"2024-12-21T11:54:13+00:00","og_image":[{"url":"http:\/\/cvip.fr\/wp-content\/uploads\/2024\/09\/Logo-CVIP-ours-fond-transp.png","type":"","width":"","height":""}],"twitter_card":"summary_large_image","twitter_misc":{"Dur\u00e9e de lecture estim\u00e9e":"6 minutes"},"schema":{"@context":"https:\/\/schema.org","@graph":[{"@type":"WebPage","@id":"https:\/\/cvip.fr\/index.php\/mentions-legales\/","url":"https:\/\/cvip.fr\/index.php\/mentions-legales\/","name":"Mentions l\u00e9gales - CViP","isPartOf":{"@id":"https:\/\/cvip.fr\/#website"},"primaryImageOfPage":{"@id":"https:\/\/cvip.fr\/index.php\/mentions-legales\/#primaryimage"},"image":{"@id":"https:\/\/cvip.fr\/index.php\/mentions-legales\/#primaryimage"},"thumbnailUrl":"http:\/\/cvip.fr\/wp-content\/uploads\/2024\/09\/Logo-CVIP-ours-fond-transp.png","datePublished":"2024-12-21T11:25:38+00:00","dateModified":"2024-12-21T11:54:13+00:00","breadcrumb":{"@id":"https:\/\/cvip.fr\/index.php\/mentions-legales\/#breadcrumb"},"inLanguage":"fr-FR","potentialAction":[{"@type":"ReadAction","target":["https:\/\/cvip.fr\/index.php\/mentions-legales\/"]}]},{"@type":"ImageObject","inLanguage":"fr-FR","@id":"https:\/\/cvip.fr\/index.php\/mentions-legales\/#primaryimage","url":"https:\/\/cvip.fr\/wp-content\/uploads\/2024\/09\/Logo-CVIP-ours-fond-transp.png","contentUrl":"https:\/\/cvip.fr\/wp-content\/uploads\/2024\/09\/Logo-CVIP-ours-fond-transp.png","width":585,"height":578,"caption":"Logo CVIP"},{"@type":"BreadcrumbList","@id":"https:\/\/cvip.fr\/index.php\/mentions-legales\/#breadcrumb","itemListElement":[{"@type":"ListItem","position":1,"name":"Accueil","item":"https:\/\/cvip.fr\/"},{"@type":"ListItem","position":2,"name":"Mentions l\u00e9gales"}]},{"@type":"WebSite","@id":"https:\/\/cvip.fr\/#website","url":"https:\/\/cvip.fr\/","name":"CViP","description":"","publisher":{"@id":"https:\/\/cvip.fr\/#organization"},"potentialAction":[{"@type":"SearchAction","target":{"@type":"EntryPoint","urlTemplate":"https:\/\/cvip.fr\/?s={search_term_string}"},"query-input":{"@type":"PropertyValueSpecification","valueRequired":true,"valueName":"search_term_string"}}],"inLanguage":"fr-FR"},{"@type":"Organization","@id":"https:\/\/cvip.fr\/#organization","name":"CViP","url":"https:\/\/cvip.fr\/","logo":{"@type":"ImageObject","inLanguage":"fr-FR","@id":"https:\/\/cvip.fr\/#\/schema\/logo\/image\/","url":"https:\/\/cvip.fr\/wp-content\/uploads\/2024\/10\/cropped-Logo-CVIP-fond-transparent.png","contentUrl":"https:\/\/cvip.fr\/wp-content\/uploads\/2024\/10\/cropped-Logo-CVIP-fond-transparent.png","width":707,"height":235,"caption":"CViP"},"image":{"@id":"https:\/\/cvip.fr\/#\/schema\/logo\/image\/"}}]}},"_links":{"self":[{"href":"https:\/\/cvip.fr\/index.php\/wp-json\/wp\/v2\/pages\/506","targetHints":{"allow":["GET"]}}],"collection":[{"href":"https:\/\/cvip.fr\/index.php\/wp-json\/wp\/v2\/pages"}],"about":[{"href":"https:\/\/cvip.fr\/index.php\/wp-json\/wp\/v2\/types\/page"}],"author":[{"embeddable":true,"href":"https:\/\/cvip.fr\/index.php\/wp-json\/wp\/v2\/users\/1"}],"replies":[{"embeddable":true,"href":"https:\/\/cvip.fr\/index.php\/wp-json\/wp\/v2\/comments?post=506"}],"version-history":[{"count":16,"href":"https:\/\/cvip.fr\/index.php\/wp-json\/wp\/v2\/pages\/506\/revisions"}],"predecessor-version":[{"id":530,"href":"https:\/\/cvip.fr\/index.php\/wp-json\/wp\/v2\/pages\/506\/revisions\/530"}],"wp:attachment":[{"href":"https:\/\/cvip.fr\/index.php\/wp-json\/wp\/v2\/media?parent=506"}],"curies":[{"name":"wp","href":"https:\/\/api.w.org\/{rel}","templated":true}]}}